{"id":9,"date":"2021-03-22T08:29:10","date_gmt":"2021-03-22T08:29:10","guid":{"rendered":"https:\/\/shop.drot-szamar.hu\/index.php\/fiokom\/"},"modified":"2021-03-22T08:29:10","modified_gmt":"2021-03-22T08:29:10","slug":"fiokom","status":"publish","type":"page","link":"https:\/\/shop.drot-szamar.hu\/?page_id=9","title":{"rendered":"A fi\u00f3kom"},"content":{"rendered":"<div class=\"woocommerce\"><div class=\"woocommerce-notices-wrapper\"><\/div>\n\n\t\t<h2>Bel\u00e9p\u00e9s<\/h2>\n\n\t\t<form class=\"woocommerce-form woocommerce-form-login login\" method=\"post\" novalidate>\n\n\t\t\t\n\t\t\t<p class=\"woocommerce-form-row woocommerce-form-row--wide form-row form-row-wide\">\n\t\t\t\t<label for=\"username\">Felhaszn\u00e1l\u00f3n\u00e9v vagy Email c\u00edm&nbsp;<span class=\"required\" aria-hidden=\"true\">*<\/span><span class=\"screen-reader-text\">K\u00f6telez\u0151<\/span><\/label>\n\t\t\t\t<input type=\"text\" class=\"woocommerce-Input woocommerce-Input--text input-text\" name=\"username\" id=\"username\" autocomplete=\"username\" value=\"\" required aria-required=\"true\" \/>\t\t\t<\/p>\n\t\t\t<p class=\"woocommerce-form-row woocommerce-form-row--wide form-row form-row-wide\">\n\t\t\t\t<label for=\"password\">Jelsz\u00f3&nbsp;<span class=\"required\" aria-hidden=\"true\">*<\/span><span class=\"screen-reader-text\">K\u00f6telez\u0151<\/span><\/label>\n\t\t\t\t<input class=\"woocommerce-Input woocommerce-Input--text input-text\" type=\"password\" name=\"password\" id=\"password\" autocomplete=\"current-password\" required aria-required=\"true\" \/>\n\t\t\t<\/p>\n\n\t\t\t\n\t\t\t<p class=\"form-row\">\n\t\t\t\t<label class=\"woocommerce-form__label woocommerce-form__label-for-checkbox woocommerce-form-login__rememberme\">\n\t\t\t\t\t<input class=\"woocommerce-form__input woocommerce-form__input-checkbox\" name=\"rememberme\" type=\"checkbox\" id=\"rememberme\" value=\"forever\" \/> <span>Eml\u00e9kezz r\u00e1m<\/span>\n\t\t\t\t<\/label>\n\t\t\t\t<input type=\"hidden\" id=\"woocommerce-login-nonce\" name=\"woocommerce-login-nonce\" value=\"3ed7c427a6\" \/><input type=\"hidden\" name=\"_wp_http_referer\" value=\"\/index.php?rest_route=%2Fwp%2Fv2%2Fpages%2F9\" \/>\t\t\t\t<button type=\"submit\" class=\"woocommerce-button button woocommerce-form-login__submit\" name=\"login\" value=\"Bel\u00e9p\u00e9s\">Bel\u00e9p\u00e9s<\/button>\n\t\t\t<\/p>\n\t\t\t<p class=\"woocommerce-LostPassword lost_password\">\n\t\t\t\t<a href=\"https:\/\/shop.drot-szamar.hu\/?page_id=9&#038;lost-password\">Elfelejtett jelsz\u00f3?<\/a>\n\t\t\t<\/p>\n\n\t\t\t\n\t\t<\/form>\n\n\n<\/div>\n","protected":false},"excerpt":{"rendered":"","protected":false},"author":1,"featured_media":0,"parent":0,"menu_order":0,"comment_status":"closed","ping_status":"closed","template":"","meta":{"footnotes":""},"class_list":["post-9","page","type-page","status-publish","hentry"],"yoast_head":"<!-- This site is optimized with the Yoast SEO Premium plugin v22.1 (Yoast SEO v27.4) - https:\/\/yoast.com\/product\/yoast-seo-premium-wordpress\/ -->\n<title>A fi\u00f3kom - Dr\u00f3t-Szam\u00e1r Shop<\/title>\n<meta name=\"robots\" content=\"index, follow, max-snippet:-1, max-image-preview:large, max-video-preview:-1\" \/>\n<link rel=\"canonical\" href=\"https:\/\/shop.drot-szamar.hu\/?page_id=9\" \/>\n<meta property=\"og:locale\" content=\"hu_HU\" \/>\n<meta property=\"og:type\" content=\"article\" \/>\n<meta property=\"og:title\" content=\"A fi\u00f3kom\" \/>\n<meta property=\"og:url\" content=\"https:\/\/shop.drot-szamar.hu\/?page_id=9\" \/>\n<meta property=\"og:site_name\" content=\"Dr\u00f3t-Szam\u00e1r Shop\" \/>\n<meta name=\"twitter:card\" content=\"summary_large_image\" \/>\n<script type=\"application\/ld+json\" class=\"yoast-schema-graph\">{\"@context\":\"https:\\\/\\\/schema.org\",\"@graph\":[{\"@type\":\"WebPage\",\"@id\":\"https:\\\/\\\/shop.drot-szamar.hu\\\/?page_id=9\",\"url\":\"https:\\\/\\\/shop.drot-szamar.hu\\\/?page_id=9\",\"name\":\"A fi\u00f3kom - Dr\u00f3t-Szam\u00e1r Shop\",\"isPartOf\":{\"@id\":\"https:\\\/\\\/shop.drot-szamar.hu\\\/#website\"},\"datePublished\":\"2021-03-22T08:29:10+00:00\",\"breadcrumb\":{\"@id\":\"https:\\\/\\\/shop.drot-szamar.hu\\\/?page_id=9#breadcrumb\"},\"inLanguage\":\"hu\",\"potentialAction\":[{\"@type\":\"ReadAction\",\"target\":[\"https:\\\/\\\/shop.drot-szamar.hu\\\/?page_id=9\"]}]},{\"@type\":\"BreadcrumbList\",\"@id\":\"https:\\\/\\\/shop.drot-szamar.hu\\\/?page_id=9#breadcrumb\",\"itemListElement\":[{\"@type\":\"ListItem\",\"position\":1,\"name\":\"Home\",\"item\":\"https:\\\/\\\/shop.drot-szamar.hu\\\/\"},{\"@type\":\"ListItem\",\"position\":2,\"name\":\"A fi\u00f3kom\"}]},{\"@type\":\"WebSite\",\"@id\":\"https:\\\/\\\/shop.drot-szamar.hu\\\/#website\",\"url\":\"https:\\\/\\\/shop.drot-szamar.hu\\\/\",\"name\":\"Dr\u00f3t-Szam\u00e1r Shop\",\"description\":\"Bring\u00e1k, elektromos \u00e9s hagyom\u00e1nyos rollerek, kieg\u00e9sz\u00edt\u0151k\",\"publisher\":{\"@id\":\"https:\\\/\\\/shop.drot-szamar.hu\\\/#organization\"},\"potentialAction\":[{\"@type\":\"SearchAction\",\"target\":{\"@type\":\"EntryPoint\",\"urlTemplate\":\"https:\\\/\\\/shop.drot-szamar.hu\\\/?s={search_term_string}\"},\"query-input\":{\"@type\":\"PropertyValueSpecification\",\"valueRequired\":true,\"valueName\":\"search_term_string\"}}],\"inLanguage\":\"hu\"},{\"@type\":\"Organization\",\"@id\":\"https:\\\/\\\/shop.drot-szamar.hu\\\/#organization\",\"name\":\"Dr\u00f3t-Szam\u00e1r Shop\",\"url\":\"https:\\\/\\\/shop.drot-szamar.hu\\\/\",\"logo\":{\"@type\":\"ImageObject\",\"inLanguage\":\"hu\",\"@id\":\"https:\\\/\\\/shop.drot-szamar.hu\\\/#\\\/schema\\\/logo\\\/image\\\/\",\"url\":\"https:\\\/\\\/shop.drot-szamar.hu\\\/wp-content\\\/uploads\\\/2021\\\/03\\\/cropped-logo-small-1.png\",\"contentUrl\":\"https:\\\/\\\/shop.drot-szamar.hu\\\/wp-content\\\/uploads\\\/2021\\\/03\\\/cropped-logo-small-1.png\",\"width\":200,\"height\":184,\"caption\":\"Dr\u00f3t-Szam\u00e1r Shop\"},\"image\":{\"@id\":\"https:\\\/\\\/shop.drot-szamar.hu\\\/#\\\/schema\\\/logo\\\/image\\\/\"}}]}<\/script>\n<!-- \/ Yoast SEO Premium plugin. -->","yoast_head_json":{"title":"A fi\u00f3kom - Dr\u00f3t-Szam\u00e1r Shop","robots":{"index":"index","follow":"follow","max-snippet":"max-snippet:-1","max-image-preview":"max-image-preview:large","max-video-preview":"max-video-preview:-1"},"canonical":"https:\/\/shop.drot-szamar.hu\/?page_id=9","og_locale":"hu_HU","og_type":"article","og_title":"A fi\u00f3kom","og_url":"https:\/\/shop.drot-szamar.hu\/?page_id=9","og_site_name":"Dr\u00f3t-Szam\u00e1r Shop","twitter_card":"summary_large_image","schema":{"@context":"https:\/\/schema.org","@graph":[{"@type":"WebPage","@id":"https:\/\/shop.drot-szamar.hu\/?page_id=9","url":"https:\/\/shop.drot-szamar.hu\/?page_id=9","name":"A fi\u00f3kom - Dr\u00f3t-Szam\u00e1r Shop","isPartOf":{"@id":"https:\/\/shop.drot-szamar.hu\/#website"},"datePublished":"2021-03-22T08:29:10+00:00","breadcrumb":{"@id":"https:\/\/shop.drot-szamar.hu\/?page_id=9#breadcrumb"},"inLanguage":"hu","potentialAction":[{"@type":"ReadAction","target":["https:\/\/shop.drot-szamar.hu\/?page_id=9"]}]},{"@type":"BreadcrumbList","@id":"https:\/\/shop.drot-szamar.hu\/?page_id=9#breadcrumb","itemListElement":[{"@type":"ListItem","position":1,"name":"Home","item":"https:\/\/shop.drot-szamar.hu\/"},{"@type":"ListItem","position":2,"name":"A fi\u00f3kom"}]},{"@type":"WebSite","@id":"https:\/\/shop.drot-szamar.hu\/#website","url":"https:\/\/shop.drot-szamar.hu\/","name":"Dr\u00f3t-Szam\u00e1r Shop","description":"Bring\u00e1k, elektromos \u00e9s hagyom\u00e1nyos rollerek, kieg\u00e9sz\u00edt\u0151k","publisher":{"@id":"https:\/\/shop.drot-szamar.hu\/#organization"},"potentialAction":[{"@type":"SearchAction","target":{"@type":"EntryPoint","urlTemplate":"https:\/\/shop.drot-szamar.hu\/?s={search_term_string}"},"query-input":{"@type":"PropertyValueSpecification","valueRequired":true,"valueName":"search_term_string"}}],"inLanguage":"hu"},{"@type":"Organization","@id":"https:\/\/shop.drot-szamar.hu\/#organization","name":"Dr\u00f3t-Szam\u00e1r Shop","url":"https:\/\/shop.drot-szamar.hu\/","logo":{"@type":"ImageObject","inLanguage":"hu","@id":"https:\/\/shop.drot-szamar.hu\/#\/schema\/logo\/image\/","url":"https:\/\/shop.drot-szamar.hu\/wp-content\/uploads\/2021\/03\/cropped-logo-small-1.png","contentUrl":"https:\/\/shop.drot-szamar.hu\/wp-content\/uploads\/2021\/03\/cropped-logo-small-1.png","width":200,"height":184,"caption":"Dr\u00f3t-Szam\u00e1r Shop"},"image":{"@id":"https:\/\/shop.drot-szamar.hu\/#\/schema\/logo\/image\/"}}]}},"_links":{"self":[{"href":"https:\/\/shop.drot-szamar.hu\/index.php?rest_route=\/wp\/v2\/pages\/9","targetHints":{"allow":["GET"]}}],"collection":[{"href":"https:\/\/shop.drot-szamar.hu\/index.php?rest_route=\/wp\/v2\/pages"}],"about":[{"href":"https:\/\/shop.drot-szamar.hu\/index.php?rest_route=\/wp\/v2\/types\/page"}],"author":[{"embeddable":true,"href":"https:\/\/shop.drot-szamar.hu\/index.php?rest_route=\/wp\/v2\/users\/1"}],"replies":[{"embeddable":true,"href":"https:\/\/shop.drot-szamar.hu\/index.php?rest_route=%2Fwp%2Fv2%2Fcomments&post=9"}],"version-history":[{"count":0,"href":"https:\/\/shop.drot-szamar.hu\/index.php?rest_route=\/wp\/v2\/pages\/9\/revisions"}],"wp:attachment":[{"href":"https:\/\/shop.drot-szamar.hu\/index.php?rest_route=%2Fwp%2Fv2%2Fmedia&parent=9"}],"curies":[{"name":"wp","href":"https:\/\/api.w.org\/{rel}","templated":true}]}}