{"id":495,"date":"2023-12-11T15:39:28","date_gmt":"2023-12-11T15:39:28","guid":{"rendered":"https:\/\/shop.drot-szamar.hu\/?post_type=product&#038;p=495"},"modified":"2024-11-26T10:59:42","modified_gmt":"2024-11-26T10:59:42","slug":"scooter-one-s20","status":"publish","type":"product","link":"https:\/\/shop.drot-szamar.hu\/?product=scooter-one-s20","title":{"rendered":"Sencor SCOOTER ONE S20"},"content":{"rendered":"<p>A Sencor elektromos rollert b\u00e1rhova mag\u00e1val viheti, hiszen rendk\u00edv\u00fcl hordozhat\u00f3. A 350 W teljes\u00edtm\u00e9ny\u0171 motorral ak\u00e1r 25 km\/h-s sebess\u00e9ggel is haladhat. Az energi\u00e1t egy 7,5 Ah-s kapacit\u00e1s\u00fa akkumul\u00e1tor biztos\u00edtja, \u00edgy ak\u00e1r 25 km-t is megtehet. Az akkumul\u00e1tor k\u00edm\u00e9l\u00e9s\u00e9re a STANDARD \u00fczemm\u00f3d t\u00f6k\u00e9letes v\u00e1laszt\u00e1s, de ha nagyobb sebess\u00e9gre v\u00e1gyik, a SPORT \u00fczemm\u00f3dot v\u00e1laszthatja. Emellett a tempomat funkci\u00f3 is rendelkez\u00e9s\u00e9re \u00e1ll, amely megtartja a be\u00e1ll\u00edtott halad\u00e1si sebess\u00e9get, \u00edgy teljesen a korm\u00e1nyz\u00e1sra \u00f6sszpontos\u00edthat.<\/p>\n<h4><strong>Fedezze fel a sebess\u00e9g \u00e9s a t\u00e1vols\u00e1gok k\u00fcl\u00f6nb\u00f6z\u0151 dimenzi\u00f3it!<\/strong><\/h4>\n<p>A Sencor Scooter lehet\u0151s\u00e9get ny\u00fajt testreszabott k\u00f6zleked\u00e9sre. A SPORT \u00fczemm\u00f3d extr\u00e9m sebess\u00e9get biztos\u00edt ak\u00e1r 25 km\/h-s sebess\u00e9ggel, m\u00edg a DRIVE \u00fczemm\u00f3dban 20 km\/h a maxim\u00e1lis sebess\u00e9g. Az ECO \u00fczemm\u00f3d fenntarthat\u00f3 temp\u00f3t k\u00edn\u00e1l, ak\u00e1r 10 km\/h-s sebess\u00e9ggel. Ha pedig k\u00e9nyelmes s\u00e9t\u00e1ra v\u00e1gyik, a WALK m\u00f3d ide\u00e1lis v\u00e1laszt\u00e1s 6 km\/h-s sebess\u00e9ggel. A Scooter kiemelked\u0151 hat\u00e9konys\u00e1ggal m\u0171k\u00f6dik hosszabb t\u00e1vols\u00e1gok megt\u00e9tel\u00e9hez. Ak\u00e1r 25 km-t is megtehet 55 kg-os t\u00f6meggel, \u00edgy szabadon felfedezheti a k\u00f6rnyez\u0151 ter\u00fcleteket. S\u0151t, m\u00e9g 90 kg t\u00f6meggel is ak\u00e1r 20 km-re eljuthat, hogy mindig k\u00e9nyelmesen \u00e9s biztons\u00e1gosan k\u00f6zlekedhessen.<\/p>\n<h4><strong>J\u00f3l \u00e1ttekinthet\u0151 inform\u00e1ci\u00f3k \u00e9s megfelel\u0151 vil\u00e1g\u00edt\u00e1s<\/strong><\/h4>\n<p>A Sencor Scooter leny\u0171g\u00f6z\u0151en j\u00f3l l\u00e1that\u00f3 \u00e9s \u00e1ttekinthet\u0151 kijelz\u0151vel rendelkezik, ahol minden fontos inform\u00e1ci\u00f3 k\u00e9zre \u00e1ll. Az intuit\u00edv kijelz\u0151n k\u00f6nnyed\u00e9n leolvashatja a sebess\u00e9get, a kiv\u00e1lasztott \u00fczemm\u00f3dot, az akkumul\u00e1tor t\u00f6lt\u00f6tts\u00e9gi szintj\u00e9t \u00e9s a LED l\u00e1mp\u00e1k m\u0171k\u00f6d\u00e9s\u00e9t. Az els\u0151 LED l\u00e1mpa f\u00e9nye megb\u00edzhat\u00f3an megvil\u00e1g\u00edtja az utat, m\u00edg a h\u00e1ts\u00f3 piros figyelmeztet\u0151 l\u00e1mpa sz\u00fcrk\u00fcletkor, rossz id\u0151ben vagy \u00e9jszaka szolg\u00e1lhat seg\u00edts\u00e9g\u00e9re.<\/p>\n<h4><strong>Mint\u00e1s gumiabroncsok: a biztons\u00e1g a legfontosabb<\/strong><\/h4>\n<p>Az \u00fat egyenetlens\u00e9geit csillap\u00edt\u00f3 8,5&#8243;-os mint\u00e1s gumiabroncsokkal nem kell f\u00e9lnie sem a defekt\u0151l. A t\u00f6k\u00e9letesen k\u00e9nyelmes utaz\u00e1s\u00e9rt az els\u0151 ker\u00e9k felf\u00fcggeszt\u00e9se gondoskodik. A biztons\u00e1got a dupla f\u00e9krendszer garant\u00e1lja, mely mag\u00e1ban foglalja az elektromos motorf\u00e9ket \u00e9s a t\u00e1rcsaf\u00e9kes mechanikus f\u00e9ket. A f\u00e9kkar megnyom\u00e1sa ut\u00e1n a h\u00e1ts\u00f3 s\u00e1rv\u00e9d\u0151be \u00e9p\u00edtett piros l\u00e1mpa villog\u00e1ssal jelzi a f\u00e9kez\u00e9st.<\/p>\n<h4><strong>Egy alkalmaz\u00e1s, sok funkci\u00f3<\/strong><\/h4>\n<p>Az innovat\u00edv Sencor Scooter kompatibilis az SENCOR SCOOTER alkalmaz\u00e1ssal, amely sz\u00e1mos kieg\u00e9sz\u00edt\u0151 funkci\u00f3t ny\u00fajt a roller haszn\u00e1lata sor\u00e1n. A roller z\u00e1rolhat\u00f3 a lop\u00e1s ellen, nyomon k\u00f6vetheti az aktu\u00e1lis t\u00e1vols\u00e1got, az akkumul\u00e1tor t\u00f6lt\u00f6tts\u00e9g\u00e9t \u00e9s a m\u00e9g megtehet\u0151 t\u00e1vols\u00e1got, valamint sz\u00e1mos m\u00e1s hasznos inform\u00e1ci\u00f3t is megtekinthet. Az alkalmaz\u00e1s let\u00f6lthet\u0151 a Google Play \u00e9s az Apple App Store \u00e1ruh\u00e1zakb\u00f3l, \u00e9s Bluetooth 4.1 adat\u00e1tviteli rendszert haszn\u00e1l.<\/p>\n<h4><strong>Komfortn\u00f6vel\u0151 tartoz\u00e9kok<\/strong><\/h4>\n<p>A Sencor Scooter roller t\u00f6k\u00e9letesen illeszkedik az \u00d6n ig\u00e9nyeihez. Ha sz\u00e1ll\u00edtani szeretn\u00e9 a rollert, k\u00f6nnyed\u00e9n felakaszthatja a h\u00e1tizs\u00e1kj\u00e1ra. Ha pedig szersz\u00e1mokat szeretne mag\u00e1val vinni, rendelkez\u00e9sre \u00e1ll szersz\u00e1mos tartoz\u00e9k. Emellett telefon tart\u00f3t is el\u00e9rhet\u0151, hogy k\u00e9nyelmesen haszn\u00e1lhassa a telefonj\u00e1t k\u00f6zben. Mindezek a tartoz\u00e9kok k\u00fcl\u00f6n megv\u00e1s\u00e1rolhat\u00f3k.<\/p>\n<h4><strong>Technikai inform\u00e1ci\u00f3k:<\/strong><\/h4>\n<ul>\n<li>Maxim\u00e1lis terhel\u00e9s 120 kg<\/li>\n<li>M\u00e9retek: 108 \u00d7 44 \u00d7 110 cm (sz\u00e9tszedve)<\/li>\n<li>M\u00e9retek: 108 \u00d7 44 \u00d7 50 cm (\u00f6sszecsukva)<\/li>\n<li>T\u00f6meg: 12,5\u00a0kg<\/li>\n<li>\u00dczemi h\u0151m\u00e9rs\u00e9klet: -10 \u2013 40\u00b0 C<\/li>\n<li>T\u00e1rol\u00e1si h\u0151m\u00e9rs\u00e9klet: -20 \u2013 45\u00b0 C<\/li>\n<li>Zajszint &lt;70 dB (A)<\/li>\n<\/ul>\n<h4><strong>Akkumul\u00e1tor<\/strong><\/h4>\n<ul>\n<li>Kapacit\u00e1s: 7,5 Ah Li-ion<\/li>\n<li>T\u00f6lt\u00e9si id\u0151: 4-5 \u00f3ra<\/li>\n<li>Cell\u00e1k sz\u00e1ma: 30<\/li>\n<li>V\u00e9delem r\u00f6vidz\u00e1rlat, t\u00falfesz\u00fclts\u00e9g \u00e9s t\u00falt\u00f6lt\u00e9s ellen<\/li>\n<li>Bemeneti t\u00e1pfesz\u00fclts\u00e9g: 42V<\/li>\n<li>N\u00e9vleges fesz\u00fclts\u00e9g: 36V<\/li>\n<\/ul>\n<h4><strong>Adapter<\/strong><\/h4>\n<ul>\n<li>Bemeneti fesz\u00fclts\u00e9g: 100-240 AC 50\/60 Hz<\/li>\n<li>Bemeneti \u00e1ram: 1,5 A<\/li>\n<li>Kimeneti fesz\u00fclts\u00e9g: 42 V<\/li>\n<li>Csatlakoz\u00f3: \u00a0\u03a6 5,5 x 10 mm<\/li>\n<\/ul>\n","protected":false},"excerpt":{"rendered":"<p><span style=\"color: #800000;\"><strong>2+1 \u00e9v garancia<\/strong><\/span><\/p>\n<ul>\n<li>Maxim\u00e1lis sebess\u00e9g 25 km\/h<\/li>\n<li>Maxim\u00e1lisan megtehet\u0151 t\u00e1vols\u00e1g 25 km<\/li>\n<li>Alum\u00ednium szerkezet<\/li>\n<li>SENCOR SCOOTER alkalmaz\u00e1s<\/li>\n<\/ul>\n","protected":false},"featured_media":497,"comment_status":"open","ping_status":"closed","template":"","meta":[],"product_brand":[],"product_cat":[51],"product_tag":[],"class_list":{"0":"post-495","1":"product","2":"type-product","3":"status-publish","4":"has-post-thumbnail","6":"product_cat-rollerek","7":"product_shipping_class-ingyenes","9":"first","10":"outofstock","11":"taxable","12":"shipping-taxable","13":"purchasable","14":"product-type-simple"},"yoast_head":"<!-- This site is optimized with the Yoast SEO Premium plugin v22.1 (Yoast SEO v27.3) - https:\/\/yoast.com\/product\/yoast-seo-premium-wordpress\/ -->\n<title>Sencor SCOOTER ONE S20 - Dr\u00f3t-Szam\u00e1r Shop<\/title>\n<meta name=\"description\" content=\"2+1 \u00e9v garancia j\u00e1r erre a Sencor elektromos rollerre!! A Sencor elektromos rollert b\u00e1rhova mag\u00e1val viheti, hiszen rendk\u00edv\u00fcl hordozhat\u00f3. A 350 W teljes\u00edtm\u00e9ny\u0171 motorral ak\u00e1r 25 km\/h-s sebess\u00e9ggel is haladhat. Az energi\u00e1t egy 7,5 Ah-s kapacit\u00e1s\u00fa akkumul\u00e1tor biztos\u00edtja, \u00edgy ak\u00e1r 25 km-t is megtehet. Az akkumul\u00e1tor k\u00edm\u00e9l\u00e9s\u00e9re a STANDARD \u00fczemm\u00f3d t\u00f6k\u00e9letes v\u00e1laszt\u00e1s, de ha nagyobb sebess\u00e9gre v\u00e1gyik, a SPORT \u00fczemm\u00f3dot v\u00e1laszthatja. Emellett a tempomat funkci\u00f3 is rendelkez\u00e9s\u00e9re \u00e1ll, amely megtartja a be\u00e1ll\u00edtott halad\u00e1si sebess\u00e9get, \u00edgy teljesen a korm\u00e1nyz\u00e1sra \u00f6sszpontos\u00edthat.\" \/>\n<meta name=\"robots\" content=\"index, follow, max-snippet:-1, max-image-preview:large, max-video-preview:-1\" \/>\n<link rel=\"canonical\" href=\"https:\/\/shop.drot-szamar.hu\/?product=scooter-one-s20\" \/>\n<meta property=\"og:locale\" content=\"hu_HU\" \/>\n<meta property=\"og:type\" content=\"article\" \/>\n<meta property=\"og:title\" content=\"Sencor SCOOTER ONE S20\" \/>\n<meta property=\"og:description\" content=\"2+1 \u00e9v garancia j\u00e1r erre a Sencor elektromos rollerre!! A Sencor elektromos rollert b\u00e1rhova mag\u00e1val viheti, hiszen rendk\u00edv\u00fcl hordozhat\u00f3. A 350 W teljes\u00edtm\u00e9ny\u0171 motorral ak\u00e1r 25 km\/h-s sebess\u00e9ggel is haladhat. Az energi\u00e1t egy 7,5 Ah-s kapacit\u00e1s\u00fa akkumul\u00e1tor biztos\u00edtja, \u00edgy ak\u00e1r 25 km-t is megtehet. Az akkumul\u00e1tor k\u00edm\u00e9l\u00e9s\u00e9re a STANDARD \u00fczemm\u00f3d t\u00f6k\u00e9letes v\u00e1laszt\u00e1s, de ha nagyobb sebess\u00e9gre v\u00e1gyik, a SPORT \u00fczemm\u00f3dot v\u00e1laszthatja. Emellett a tempomat funkci\u00f3 is rendelkez\u00e9s\u00e9re \u00e1ll, amely megtartja a be\u00e1ll\u00edtott halad\u00e1si sebess\u00e9get, \u00edgy teljesen a korm\u00e1nyz\u00e1sra \u00f6sszpontos\u00edthat.\" \/>\n<meta property=\"og:url\" content=\"https:\/\/shop.drot-szamar.hu\/?product=scooter-one-s20\" \/>\n<meta property=\"og:site_name\" content=\"Dr\u00f3t-Szam\u00e1r Shop\" \/>\n<meta property=\"article:modified_time\" content=\"2024-11-26T10:59:42+00:00\" \/>\n<meta property=\"og:image\" content=\"https:\/\/shop.drot-szamar.hu\/wp-content\/uploads\/2023\/12\/32dee549-ab0b-4dc1-bb41-19e602c8cdf8@w600.jpg\" \/>\n\t<meta property=\"og:image:width\" content=\"600\" \/>\n\t<meta property=\"og:image:height\" content=\"600\" \/>\n\t<meta property=\"og:image:type\" content=\"image\/jpeg\" \/>\n<meta name=\"twitter:card\" content=\"summary_large_image\" \/>\n<meta name=\"twitter:label1\" content=\"\u00c1r\" \/>\n\t<meta name=\"twitter:data1\" content=\"106990&nbsp;&#070;&#116;\" \/>\n\t<meta name=\"twitter:label2\" content=\"El\u00e9rhet\u0151s\u00e9g\" \/>\n\t<meta name=\"twitter:data2\" content=\"Nincs k\u00e9szleten\" \/>\n<script type=\"application\/ld+json\" class=\"yoast-schema-graph\">{\"@context\":\"https:\\\/\\\/schema.org\",\"@graph\":[{\"@type\":\"WebPage\",\"@id\":\"https:\\\/\\\/shop.drot-szamar.hu\\\/?product=scooter-one-s20\",\"url\":\"https:\\\/\\\/shop.drot-szamar.hu\\\/?product=scooter-one-s20\",\"name\":\"Sencor SCOOTER ONE S20 - Dr\u00f3t-Szam\u00e1r Shop\",\"isPartOf\":{\"@id\":\"https:\\\/\\\/shop.drot-szamar.hu\\\/#website\"},\"primaryImageOfPage\":{\"@id\":\"https:\\\/\\\/shop.drot-szamar.hu\\\/?product=scooter-one-s20#primaryimage\"},\"image\":{\"@id\":\"https:\\\/\\\/shop.drot-szamar.hu\\\/?product=scooter-one-s20#primaryimage\"},\"thumbnailUrl\":\"https:\\\/\\\/shop.drot-szamar.hu\\\/wp-content\\\/uploads\\\/2023\\\/12\\\/32dee549-ab0b-4dc1-bb41-19e602c8cdf8@w600.jpg\",\"datePublished\":\"2023-12-11T15:39:28+00:00\",\"dateModified\":\"2024-11-26T10:59:42+00:00\",\"description\":\"2+1 \u00e9v garancia j\u00e1r erre a Sencor elektromos rollerre!! A Sencor elektromos rollert b\u00e1rhova mag\u00e1val viheti, hiszen rendk\u00edv\u00fcl hordozhat\u00f3. A 350 W teljes\u00edtm\u00e9ny\u0171 motorral ak\u00e1r 25 km\\\/h-s sebess\u00e9ggel is haladhat. Az energi\u00e1t egy 7,5 Ah-s kapacit\u00e1s\u00fa akkumul\u00e1tor biztos\u00edtja, \u00edgy ak\u00e1r 25 km-t is megtehet. Az akkumul\u00e1tor k\u00edm\u00e9l\u00e9s\u00e9re a STANDARD \u00fczemm\u00f3d t\u00f6k\u00e9letes v\u00e1laszt\u00e1s, de ha nagyobb sebess\u00e9gre v\u00e1gyik, a SPORT \u00fczemm\u00f3dot v\u00e1laszthatja. Emellett a tempomat funkci\u00f3 is rendelkez\u00e9s\u00e9re \u00e1ll, amely megtartja a be\u00e1ll\u00edtott halad\u00e1si sebess\u00e9get, \u00edgy teljesen a korm\u00e1nyz\u00e1sra \u00f6sszpontos\u00edthat.\",\"breadcrumb\":{\"@id\":\"https:\\\/\\\/shop.drot-szamar.hu\\\/?product=scooter-one-s20#breadcrumb\"},\"inLanguage\":\"hu\",\"potentialAction\":[{\"@type\":\"ReadAction\",\"target\":[\"https:\\\/\\\/shop.drot-szamar.hu\\\/?product=scooter-one-s20\"]}]},{\"@type\":\"ImageObject\",\"inLanguage\":\"hu\",\"@id\":\"https:\\\/\\\/shop.drot-szamar.hu\\\/?product=scooter-one-s20#primaryimage\",\"url\":\"https:\\\/\\\/shop.drot-szamar.hu\\\/wp-content\\\/uploads\\\/2023\\\/12\\\/32dee549-ab0b-4dc1-bb41-19e602c8cdf8@w600.jpg\",\"contentUrl\":\"https:\\\/\\\/shop.drot-szamar.hu\\\/wp-content\\\/uploads\\\/2023\\\/12\\\/32dee549-ab0b-4dc1-bb41-19e602c8cdf8@w600.jpg\",\"width\":600,\"height\":600},{\"@type\":\"BreadcrumbList\",\"@id\":\"https:\\\/\\\/shop.drot-szamar.hu\\\/?product=scooter-one-s20#breadcrumb\",\"itemListElement\":[{\"@type\":\"ListItem\",\"position\":1,\"name\":\"Home\",\"item\":\"https:\\\/\\\/shop.drot-szamar.hu\\\/\"},{\"@type\":\"ListItem\",\"position\":2,\"name\":\"Dr\u00f3t-szam\u00e1r Web\u00e1ruh\u00e1z\",\"item\":\"https:\\\/\\\/shop.drot-szamar.hu\\\/\"},{\"@type\":\"ListItem\",\"position\":3,\"name\":\"Sencor SCOOTER ONE S20\"}]},{\"@type\":\"WebSite\",\"@id\":\"https:\\\/\\\/shop.drot-szamar.hu\\\/#website\",\"url\":\"https:\\\/\\\/shop.drot-szamar.hu\\\/\",\"name\":\"Dr\u00f3t-Szam\u00e1r Shop\",\"description\":\"Bring\u00e1k, elektromos \u00e9s hagyom\u00e1nyos rollerek, kieg\u00e9sz\u00edt\u0151k\",\"publisher\":{\"@id\":\"https:\\\/\\\/shop.drot-szamar.hu\\\/#organization\"},\"potentialAction\":[{\"@type\":\"SearchAction\",\"target\":{\"@type\":\"EntryPoint\",\"urlTemplate\":\"https:\\\/\\\/shop.drot-szamar.hu\\\/?s={search_term_string}\"},\"query-input\":{\"@type\":\"PropertyValueSpecification\",\"valueRequired\":true,\"valueName\":\"search_term_string\"}}],\"inLanguage\":\"hu\"},{\"@type\":\"Organization\",\"@id\":\"https:\\\/\\\/shop.drot-szamar.hu\\\/#organization\",\"name\":\"Dr\u00f3t-Szam\u00e1r Shop\",\"url\":\"https:\\\/\\\/shop.drot-szamar.hu\\\/\",\"logo\":{\"@type\":\"ImageObject\",\"inLanguage\":\"hu\",\"@id\":\"https:\\\/\\\/shop.drot-szamar.hu\\\/#\\\/schema\\\/logo\\\/image\\\/\",\"url\":\"https:\\\/\\\/shop.drot-szamar.hu\\\/wp-content\\\/uploads\\\/2021\\\/03\\\/cropped-logo-small-1.png\",\"contentUrl\":\"https:\\\/\\\/shop.drot-szamar.hu\\\/wp-content\\\/uploads\\\/2021\\\/03\\\/cropped-logo-small-1.png\",\"width\":200,\"height\":184,\"caption\":\"Dr\u00f3t-Szam\u00e1r Shop\"},\"image\":{\"@id\":\"https:\\\/\\\/shop.drot-szamar.hu\\\/#\\\/schema\\\/logo\\\/image\\\/\"}}]}<\/script>\n<meta property=\"product:price:amount\" content=\"106990\" \/>\n<meta property=\"product:price:currency\" content=\"HUF\" \/>\n<meta property=\"og:availability\" content=\"out of stock\" \/>\n<meta property=\"product:availability\" content=\"out of stock\" \/>\n<meta property=\"product:condition\" content=\"new\" \/>\n<!-- \/ Yoast SEO Premium plugin. -->","yoast_head_json":{"title":"Sencor SCOOTER ONE S20 - Dr\u00f3t-Szam\u00e1r Shop","description":"2+1 \u00e9v garancia j\u00e1r erre a Sencor elektromos rollerre!! A Sencor elektromos rollert b\u00e1rhova mag\u00e1val viheti, hiszen rendk\u00edv\u00fcl hordozhat\u00f3. A 350 W teljes\u00edtm\u00e9ny\u0171 motorral ak\u00e1r 25 km\/h-s sebess\u00e9ggel is haladhat. Az energi\u00e1t egy 7,5 Ah-s kapacit\u00e1s\u00fa akkumul\u00e1tor biztos\u00edtja, \u00edgy ak\u00e1r 25 km-t is megtehet. Az akkumul\u00e1tor k\u00edm\u00e9l\u00e9s\u00e9re a STANDARD \u00fczemm\u00f3d t\u00f6k\u00e9letes v\u00e1laszt\u00e1s, de ha nagyobb sebess\u00e9gre v\u00e1gyik, a SPORT \u00fczemm\u00f3dot v\u00e1laszthatja. Emellett a tempomat funkci\u00f3 is rendelkez\u00e9s\u00e9re \u00e1ll, amely megtartja a be\u00e1ll\u00edtott halad\u00e1si sebess\u00e9get, \u00edgy teljesen a korm\u00e1nyz\u00e1sra \u00f6sszpontos\u00edthat.","robots":{"index":"index","follow":"follow","max-snippet":"max-snippet:-1","max-image-preview":"max-image-preview:large","max-video-preview":"max-video-preview:-1"},"canonical":"https:\/\/shop.drot-szamar.hu\/?product=scooter-one-s20","og_locale":"hu_HU","og_type":"article","og_title":"Sencor SCOOTER ONE S20","og_description":"2+1 \u00e9v garancia j\u00e1r erre a Sencor elektromos rollerre!! A Sencor elektromos rollert b\u00e1rhova mag\u00e1val viheti, hiszen rendk\u00edv\u00fcl hordozhat\u00f3. A 350 W teljes\u00edtm\u00e9ny\u0171 motorral ak\u00e1r 25 km\/h-s sebess\u00e9ggel is haladhat. Az energi\u00e1t egy 7,5 Ah-s kapacit\u00e1s\u00fa akkumul\u00e1tor biztos\u00edtja, \u00edgy ak\u00e1r 25 km-t is megtehet. Az akkumul\u00e1tor k\u00edm\u00e9l\u00e9s\u00e9re a STANDARD \u00fczemm\u00f3d t\u00f6k\u00e9letes v\u00e1laszt\u00e1s, de ha nagyobb sebess\u00e9gre v\u00e1gyik, a SPORT \u00fczemm\u00f3dot v\u00e1laszthatja. Emellett a tempomat funkci\u00f3 is rendelkez\u00e9s\u00e9re \u00e1ll, amely megtartja a be\u00e1ll\u00edtott halad\u00e1si sebess\u00e9get, \u00edgy teljesen a korm\u00e1nyz\u00e1sra \u00f6sszpontos\u00edthat.","og_url":"https:\/\/shop.drot-szamar.hu\/?product=scooter-one-s20","og_site_name":"Dr\u00f3t-Szam\u00e1r Shop","article_modified_time":"2024-11-26T10:59:42+00:00","og_image":[{"width":600,"height":600,"url":"https:\/\/shop.drot-szamar.hu\/wp-content\/uploads\/2023\/12\/32dee549-ab0b-4dc1-bb41-19e602c8cdf8@w600.jpg","type":"image\/jpeg"}],"twitter_card":"summary_large_image","twitter_misc":{"\u00c1r":"106990&nbsp;&#70;&#116;","El\u00e9rhet\u0151s\u00e9g":"Nincs k\u00e9szleten"},"schema":{"@context":"https:\/\/schema.org","@graph":[{"@type":"WebPage","@id":"https:\/\/shop.drot-szamar.hu\/?product=scooter-one-s20","url":"https:\/\/shop.drot-szamar.hu\/?product=scooter-one-s20","name":"Sencor SCOOTER ONE S20 - Dr\u00f3t-Szam\u00e1r Shop","isPartOf":{"@id":"https:\/\/shop.drot-szamar.hu\/#website"},"primaryImageOfPage":{"@id":"https:\/\/shop.drot-szamar.hu\/?product=scooter-one-s20#primaryimage"},"image":{"@id":"https:\/\/shop.drot-szamar.hu\/?product=scooter-one-s20#primaryimage"},"thumbnailUrl":"https:\/\/shop.drot-szamar.hu\/wp-content\/uploads\/2023\/12\/32dee549-ab0b-4dc1-bb41-19e602c8cdf8@w600.jpg","datePublished":"2023-12-11T15:39:28+00:00","dateModified":"2024-11-26T10:59:42+00:00","description":"2+1 \u00e9v garancia j\u00e1r erre a Sencor elektromos rollerre!! A Sencor elektromos rollert b\u00e1rhova mag\u00e1val viheti, hiszen rendk\u00edv\u00fcl hordozhat\u00f3. A 350 W teljes\u00edtm\u00e9ny\u0171 motorral ak\u00e1r 25 km\/h-s sebess\u00e9ggel is haladhat. Az energi\u00e1t egy 7,5 Ah-s kapacit\u00e1s\u00fa akkumul\u00e1tor biztos\u00edtja, \u00edgy ak\u00e1r 25 km-t is megtehet. Az akkumul\u00e1tor k\u00edm\u00e9l\u00e9s\u00e9re a STANDARD \u00fczemm\u00f3d t\u00f6k\u00e9letes v\u00e1laszt\u00e1s, de ha nagyobb sebess\u00e9gre v\u00e1gyik, a SPORT \u00fczemm\u00f3dot v\u00e1laszthatja. Emellett a tempomat funkci\u00f3 is rendelkez\u00e9s\u00e9re \u00e1ll, amely megtartja a be\u00e1ll\u00edtott halad\u00e1si sebess\u00e9get, \u00edgy teljesen a korm\u00e1nyz\u00e1sra \u00f6sszpontos\u00edthat.","breadcrumb":{"@id":"https:\/\/shop.drot-szamar.hu\/?product=scooter-one-s20#breadcrumb"},"inLanguage":"hu","potentialAction":[{"@type":"ReadAction","target":["https:\/\/shop.drot-szamar.hu\/?product=scooter-one-s20"]}]},{"@type":"ImageObject","inLanguage":"hu","@id":"https:\/\/shop.drot-szamar.hu\/?product=scooter-one-s20#primaryimage","url":"https:\/\/shop.drot-szamar.hu\/wp-content\/uploads\/2023\/12\/32dee549-ab0b-4dc1-bb41-19e602c8cdf8@w600.jpg","contentUrl":"https:\/\/shop.drot-szamar.hu\/wp-content\/uploads\/2023\/12\/32dee549-ab0b-4dc1-bb41-19e602c8cdf8@w600.jpg","width":600,"height":600},{"@type":"BreadcrumbList","@id":"https:\/\/shop.drot-szamar.hu\/?product=scooter-one-s20#breadcrumb","itemListElement":[{"@type":"ListItem","position":1,"name":"Home","item":"https:\/\/shop.drot-szamar.hu\/"},{"@type":"ListItem","position":2,"name":"Dr\u00f3t-szam\u00e1r Web\u00e1ruh\u00e1z","item":"https:\/\/shop.drot-szamar.hu\/"},{"@type":"ListItem","position":3,"name":"Sencor SCOOTER ONE S20"}]},{"@type":"WebSite","@id":"https:\/\/shop.drot-szamar.hu\/#website","url":"https:\/\/shop.drot-szamar.hu\/","name":"Dr\u00f3t-Szam\u00e1r Shop","description":"Bring\u00e1k, elektromos \u00e9s hagyom\u00e1nyos rollerek, kieg\u00e9sz\u00edt\u0151k","publisher":{"@id":"https:\/\/shop.drot-szamar.hu\/#organization"},"potentialAction":[{"@type":"SearchAction","target":{"@type":"EntryPoint","urlTemplate":"https:\/\/shop.drot-szamar.hu\/?s={search_term_string}"},"query-input":{"@type":"PropertyValueSpecification","valueRequired":true,"valueName":"search_term_string"}}],"inLanguage":"hu"},{"@type":"Organization","@id":"https:\/\/shop.drot-szamar.hu\/#organization","name":"Dr\u00f3t-Szam\u00e1r Shop","url":"https:\/\/shop.drot-szamar.hu\/","logo":{"@type":"ImageObject","inLanguage":"hu","@id":"https:\/\/shop.drot-szamar.hu\/#\/schema\/logo\/image\/","url":"https:\/\/shop.drot-szamar.hu\/wp-content\/uploads\/2021\/03\/cropped-logo-small-1.png","contentUrl":"https:\/\/shop.drot-szamar.hu\/wp-content\/uploads\/2021\/03\/cropped-logo-small-1.png","width":200,"height":184,"caption":"Dr\u00f3t-Szam\u00e1r Shop"},"image":{"@id":"https:\/\/shop.drot-szamar.hu\/#\/schema\/logo\/image\/"}}]},"product_price_amount":"106990","product_price_currency":"HUF","og_availability":"out of stock","product_availability":"out of stock","product_condition":"new"},"_links":{"self":[{"href":"https:\/\/shop.drot-szamar.hu\/index.php?rest_route=\/wp\/v2\/product\/495","targetHints":{"allow":["GET"]}}],"collection":[{"href":"https:\/\/shop.drot-szamar.hu\/index.php?rest_route=\/wp\/v2\/product"}],"about":[{"href":"https:\/\/shop.drot-szamar.hu\/index.php?rest_route=\/wp\/v2\/types\/product"}],"replies":[{"embeddable":true,"href":"https:\/\/shop.drot-szamar.hu\/index.php?rest_route=%2Fwp%2Fv2%2Fcomments&post=495"}],"wp:featuredmedia":[{"embeddable":true,"href":"https:\/\/shop.drot-szamar.hu\/index.php?rest_route=\/wp\/v2\/media\/497"}],"wp:attachment":[{"href":"https:\/\/shop.drot-szamar.hu\/index.php?rest_route=%2Fwp%2Fv2%2Fmedia&parent=495"}],"wp:term":[{"taxonomy":"product_brand","embeddable":true,"href":"https:\/\/shop.drot-szamar.hu\/index.php?rest_route=%2Fwp%2Fv2%2Fproduct_brand&post=495"},{"taxonomy":"product_cat","embeddable":true,"href":"https:\/\/shop.drot-szamar.hu\/index.php?rest_route=%2Fwp%2Fv2%2Fproduct_cat&post=495"},{"taxonomy":"product_tag","embeddable":true,"href":"https:\/\/shop.drot-szamar.hu\/index.php?rest_route=%2Fwp%2Fv2%2Fproduct_tag&post=495"}],"curies":[{"name":"wp","href":"https:\/\/api.w.org\/{rel}","templated":true}]}}