{"id":508,"date":"2023-12-11T15:41:19","date_gmt":"2023-12-11T15:41:19","guid":{"rendered":"https:\/\/shop.drot-szamar.hu\/?post_type=product&#038;p=508"},"modified":"2025-06-14T08:11:20","modified_gmt":"2025-06-14T08:11:20","slug":"scooter-k5-bk-elektromos-gyerek-roller","status":"publish","type":"product","link":"https:\/\/shop.drot-szamar.hu\/?product=scooter-k5-bk-elektromos-gyerek-roller","title":{"rendered":"Sencor SCOOTER K5 BK ELEKTROMOS GYEREK ROLLER"},"content":{"rendered":"<div>Az elektromos roller sz\u00f3rakoztat\u00f3 \u00e9s tan\u00edt\u00f3 \u00e9lm\u00e9nyt ny\u00fajt a gyerekeknek. Fejleszti fizikai k\u00e9szs\u00e9geiket \u00e9s lehet\u0151v\u00e9 teszi sz\u00e1mukra, hogy felfedezz\u00e9k a k\u00f6r\u00fcl\u00f6tt\u00fck l\u00e9v\u0151 vil\u00e1got. A roller \u00f6szt\u00f6nzi a gyerekeket, hogy t\u00f6bb id\u0151t t\u00f6ltsenek szabadban, \u00faj kalandokat v\u00e1llaljanak. Emellett rendk\u00edv\u00fcl praktikus k\u00f6zleked\u00e9si eszk\u00f6z az iskol\u00e1ba menet vagy bar\u00e1tok l\u00e1togat\u00e1sa sor\u00e1n.<\/div>\n<h4><strong>ELEKTROMOS ROLLER GYEREKNEK TERVEZVE<\/strong><\/h4>\n<div>A K5 elektromos roller a tart\u00f3ss\u00e1gra \u00e9s a gyermekek hossz\u00fa t\u00e1v\u00fa haszn\u00e1lat\u00e1ra lett tervezve. Ac\u00e9l v\u00e1zzal \u00e9s \u00e1ll\u00edthat\u00f3 korm\u00e1nnyal rendelkezik, amely k\u00f6nnyed\u00e9n alkalmazkodik a gyermek n\u00f6veked\u00e9s\u00e9hez (69-83 cm magass\u00e1gig). A 8 km\/h-s maxim\u00e1lis sebess\u00e9g mellett a LED-vil\u00e1g\u00edt\u00e1s a fut\u00f3fel\u00fcleten \u00e9s a cs\u00fasz\u00e1sg\u00e1tl\u00f3 korm\u00e1nymarkolat is biztons\u00e1gos vezet\u00e9st biztos\u00edt.<\/div>\n<h4><strong>IDE\u00c1LIS TELJES\u00cdTM\u00c9NY<\/strong><\/h4>\n<div>A rollert 60 W-os motor hajtja, amelyet 2 Ah-s Li-ion akkumul\u00e1tor t\u00e1pl\u00e1l. Az 8 km\/h maxim\u00e1lis sebess\u00e9ggel, 8 kilom\u00e9teres hat\u00f3t\u00e1vval \u00e9s 5\u00b0-os d\u0151l\u00e9ssz\u00f6ggel a roller ide\u00e1lis v\u00e1laszt\u00e1s iskolai kir\u00e1ndul\u00e1sokhoz vagy sz\u00f3rakoz\u00e1shoz. A k\u00f6nny\u0171 s\u00faly (csup\u00e1n 4,4 kg) \u00e9s a 60 kg maxim\u00e1lis terhelhet\u0151s\u00e9g m\u00e9g jobb kezelhet\u0151s\u00e9get biztos\u00edt.<\/div>\n<h4><strong>A BIZTONS\u00c1G A LEGFONTOSABB<\/strong><\/h4>\n<div>A 5&#8243;-os els\u0151 \u00e9s a 3,5\u201d-os h\u00e1ts\u00f3 gumiabroncsok kialak\u00edt\u00e1sa csillap\u00edtja az \u00fat egyenetlens\u00e9geit \u00e9s megsz\u00fcnteti a defekt kock\u00e1zat\u00e1t. A biztons\u00e1g \u00e9rdek\u00e9ben a h\u00e1ts\u00f3 ker\u00e9kn\u00e9l tapos\u00f3f\u00e9krendszer van be\u00e9p\u00edtve. A cs\u00fasz\u00e1smentes gumi korm\u00e1nymarkolat, a fell\u00e9p\u0151 fel\u00fclet, valamint a megvil\u00e1g\u00edtott kerekek \u00e9s a roller fut\u00f3fel\u00fclete mind a gyermek biztons\u00e1g\u00e1t szolg\u00e1lj\u00e1k.<\/div>\n<p>&nbsp;<\/p>\n<h4><strong>M\u0170SZAKI PARAM\u00c9TEREK<\/strong><\/h4>\n<ul>\n<li>Maxim\u00e1lis terhel\u00e9s 60 kg<\/li>\n<li>M\u00e9retek: 83 \u2013 68 x 63 x 39 cm<\/li>\n<li>Utaz\u00f3 ter\u00fclet m\u00e9rete: 30 x 11,5 x 7 cm<\/li>\n<li>T\u00f6mege: 4,4 Kg<\/li>\n<li>\u00dczemi h\u0151m\u00e9rs\u00e9klet: -10 \u2013 40\u00b0 C<\/li>\n<li>T\u00e1rol\u00e1si h\u0151m\u00e9rs\u00e9klet: -20 \u2013 45\u00b0 C<\/li>\n<li>Zajszint &lt;70 dB(A)<\/li>\n<\/ul>\n<p><strong>Adapter<\/strong><\/p>\n<ul>\n<li>Bemeneti fesz\u00fclts\u00e9g: 100 \u2013 240 AC 50\/60 Hz<\/li>\n<li>Bemeneti \u00e1ram: 0,7 A<\/li>\n<li>Kimeneti fesz\u00fclts\u00e9g: 25,2 V<\/li>\n<li>Csatlakoz\u00f3: \u00a0\u03a6 5,5 x 10 mm<\/li>\n<\/ul>\n<p><strong>Akkumul\u00e1tor<\/strong><\/p>\n<ul>\n<li>Kapacit\u00e1s: 2 Ah\/44,4 Wh Li-ion<\/li>\n<li>N\u00e9vleges fesz\u00fclts\u00e9g: 22,2 V<\/li>\n<li>T\u00f6lt\u00e9si id\u0151: ak\u00e1r 3 \u00f3ra<\/li>\n<li>V\u00e9delem r\u00f6vidz\u00e1rlat, t\u00falfesz\u00fclts\u00e9g, t\u00falt\u00f6lt\u00e9s, t\u00falmeleged\u00e9s ellen<\/li>\n<li>Akkumul\u00e1torv\u00e9delem a t\u00falzott kis\u00fcl\u00e9s ellen<\/li>\n<\/ul>\n","protected":false},"excerpt":{"rendered":"<ul>\n<li>\u00c1ll\u00edthat\u00f3 korm\u00e1nymagass\u00e1g 83 \u2013 69 cm<\/li>\n<li>Maxim\u00e1lis sebess\u00e9g 8 km\/h<\/li>\n<li>Maxim\u00e1lisan megtehet\u0151 t\u00e1vols\u00e1g 8 km<\/li>\n<\/ul>\n","protected":false},"featured_media":509,"comment_status":"open","ping_status":"closed","template":"","meta":[],"product_brand":[],"product_cat":[51],"product_tag":[],"class_list":{"0":"post-508","1":"product","2":"type-product","3":"status-publish","4":"has-post-thumbnail","6":"product_cat-rollerek","7":"product_shipping_class-2500-ft","9":"first","10":"outofstock","11":"taxable","12":"shipping-taxable","13":"purchasable","14":"product-type-simple"},"yoast_head":"<!-- This site is optimized with the Yoast SEO Premium plugin v22.1 (Yoast SEO v27.4) - https:\/\/yoast.com\/product\/yoast-seo-premium-wordpress\/ -->\n<title>Sencor SCOOTER K5 BK ELEKTROMOS GYEREK ROLLER - Dr\u00f3t-Szam\u00e1r Shop<\/title>\n<meta name=\"robots\" content=\"index, follow, max-snippet:-1, max-image-preview:large, max-video-preview:-1\" \/>\n<link rel=\"canonical\" href=\"https:\/\/shop.drot-szamar.hu\/?product=scooter-k5-bk-elektromos-gyerek-roller\" \/>\n<meta property=\"og:locale\" content=\"hu_HU\" \/>\n<meta property=\"og:type\" content=\"article\" \/>\n<meta property=\"og:title\" content=\"Sencor SCOOTER K5 BK ELEKTROMOS GYEREK ROLLER\" \/>\n<meta property=\"og:description\" content=\"\u00c1ll\u00edthat\u00f3 korm\u00e1nymagass\u00e1g 83 \u2013 69 cm  Maxim\u00e1lis sebess\u00e9g 8 km\/h  Maxim\u00e1lisan megtehet\u0151 t\u00e1vols\u00e1g 8 km\" \/>\n<meta property=\"og:url\" content=\"https:\/\/shop.drot-szamar.hu\/?product=scooter-k5-bk-elektromos-gyerek-roller\" \/>\n<meta property=\"og:site_name\" content=\"Dr\u00f3t-Szam\u00e1r Shop\" \/>\n<meta property=\"article:modified_time\" content=\"2025-06-14T08:11:20+00:00\" \/>\n<meta property=\"og:image\" content=\"https:\/\/shop.drot-szamar.hu\/wp-content\/uploads\/2023\/12\/5c2bcde2-a2f2-4e61-afb1-6882c9c1dbcd@w600.jpg\" \/>\n\t<meta property=\"og:image:width\" content=\"600\" \/>\n\t<meta property=\"og:image:height\" content=\"600\" \/>\n\t<meta property=\"og:image:type\" content=\"image\/jpeg\" \/>\n<meta name=\"twitter:card\" content=\"summary_large_image\" \/>\n<meta name=\"twitter:label1\" content=\"\u00c1r\" \/>\n\t<meta name=\"twitter:data1\" content=\"56990&nbsp;&#070;&#116;\" \/>\n\t<meta name=\"twitter:label2\" content=\"El\u00e9rhet\u0151s\u00e9g\" \/>\n\t<meta name=\"twitter:data2\" content=\"Nincs k\u00e9szleten\" \/>\n<script type=\"application\/ld+json\" class=\"yoast-schema-graph\">{\"@context\":\"https:\\\/\\\/schema.org\",\"@graph\":[{\"@type\":\"WebPage\",\"@id\":\"https:\\\/\\\/shop.drot-szamar.hu\\\/?product=scooter-k5-bk-elektromos-gyerek-roller\",\"url\":\"https:\\\/\\\/shop.drot-szamar.hu\\\/?product=scooter-k5-bk-elektromos-gyerek-roller\",\"name\":\"Sencor SCOOTER K5 BK ELEKTROMOS GYEREK ROLLER - Dr\u00f3t-Szam\u00e1r Shop\",\"isPartOf\":{\"@id\":\"https:\\\/\\\/shop.drot-szamar.hu\\\/#website\"},\"primaryImageOfPage\":{\"@id\":\"https:\\\/\\\/shop.drot-szamar.hu\\\/?product=scooter-k5-bk-elektromos-gyerek-roller#primaryimage\"},\"image\":{\"@id\":\"https:\\\/\\\/shop.drot-szamar.hu\\\/?product=scooter-k5-bk-elektromos-gyerek-roller#primaryimage\"},\"thumbnailUrl\":\"https:\\\/\\\/shop.drot-szamar.hu\\\/wp-content\\\/uploads\\\/2023\\\/12\\\/5c2bcde2-a2f2-4e61-afb1-6882c9c1dbcd@w600.jpg\",\"datePublished\":\"2023-12-11T15:41:19+00:00\",\"dateModified\":\"2025-06-14T08:11:20+00:00\",\"breadcrumb\":{\"@id\":\"https:\\\/\\\/shop.drot-szamar.hu\\\/?product=scooter-k5-bk-elektromos-gyerek-roller#breadcrumb\"},\"inLanguage\":\"hu\",\"potentialAction\":[{\"@type\":\"ReadAction\",\"target\":[\"https:\\\/\\\/shop.drot-szamar.hu\\\/?product=scooter-k5-bk-elektromos-gyerek-roller\"]}]},{\"@type\":\"ImageObject\",\"inLanguage\":\"hu\",\"@id\":\"https:\\\/\\\/shop.drot-szamar.hu\\\/?product=scooter-k5-bk-elektromos-gyerek-roller#primaryimage\",\"url\":\"https:\\\/\\\/shop.drot-szamar.hu\\\/wp-content\\\/uploads\\\/2023\\\/12\\\/5c2bcde2-a2f2-4e61-afb1-6882c9c1dbcd@w600.jpg\",\"contentUrl\":\"https:\\\/\\\/shop.drot-szamar.hu\\\/wp-content\\\/uploads\\\/2023\\\/12\\\/5c2bcde2-a2f2-4e61-afb1-6882c9c1dbcd@w600.jpg\",\"width\":600,\"height\":600},{\"@type\":\"BreadcrumbList\",\"@id\":\"https:\\\/\\\/shop.drot-szamar.hu\\\/?product=scooter-k5-bk-elektromos-gyerek-roller#breadcrumb\",\"itemListElement\":[{\"@type\":\"ListItem\",\"position\":1,\"name\":\"Home\",\"item\":\"https:\\\/\\\/shop.drot-szamar.hu\\\/\"},{\"@type\":\"ListItem\",\"position\":2,\"name\":\"Dr\u00f3t-szam\u00e1r Web\u00e1ruh\u00e1z\",\"item\":\"https:\\\/\\\/shop.drot-szamar.hu\\\/\"},{\"@type\":\"ListItem\",\"position\":3,\"name\":\"Sencor SCOOTER K5 BK ELEKTROMOS GYEREK ROLLER\"}]},{\"@type\":\"WebSite\",\"@id\":\"https:\\\/\\\/shop.drot-szamar.hu\\\/#website\",\"url\":\"https:\\\/\\\/shop.drot-szamar.hu\\\/\",\"name\":\"Dr\u00f3t-Szam\u00e1r Shop\",\"description\":\"Bring\u00e1k, elektromos \u00e9s hagyom\u00e1nyos rollerek, kieg\u00e9sz\u00edt\u0151k\",\"publisher\":{\"@id\":\"https:\\\/\\\/shop.drot-szamar.hu\\\/#organization\"},\"potentialAction\":[{\"@type\":\"SearchAction\",\"target\":{\"@type\":\"EntryPoint\",\"urlTemplate\":\"https:\\\/\\\/shop.drot-szamar.hu\\\/?s={search_term_string}\"},\"query-input\":{\"@type\":\"PropertyValueSpecification\",\"valueRequired\":true,\"valueName\":\"search_term_string\"}}],\"inLanguage\":\"hu\"},{\"@type\":\"Organization\",\"@id\":\"https:\\\/\\\/shop.drot-szamar.hu\\\/#organization\",\"name\":\"Dr\u00f3t-Szam\u00e1r Shop\",\"url\":\"https:\\\/\\\/shop.drot-szamar.hu\\\/\",\"logo\":{\"@type\":\"ImageObject\",\"inLanguage\":\"hu\",\"@id\":\"https:\\\/\\\/shop.drot-szamar.hu\\\/#\\\/schema\\\/logo\\\/image\\\/\",\"url\":\"https:\\\/\\\/shop.drot-szamar.hu\\\/wp-content\\\/uploads\\\/2021\\\/03\\\/cropped-logo-small-1.png\",\"contentUrl\":\"https:\\\/\\\/shop.drot-szamar.hu\\\/wp-content\\\/uploads\\\/2021\\\/03\\\/cropped-logo-small-1.png\",\"width\":200,\"height\":184,\"caption\":\"Dr\u00f3t-Szam\u00e1r Shop\"},\"image\":{\"@id\":\"https:\\\/\\\/shop.drot-szamar.hu\\\/#\\\/schema\\\/logo\\\/image\\\/\"}}]}<\/script>\n<meta property=\"product:price:amount\" content=\"56990\" \/>\n<meta property=\"product:price:currency\" content=\"HUF\" \/>\n<meta property=\"og:availability\" content=\"out of stock\" \/>\n<meta property=\"product:availability\" content=\"out of stock\" \/>\n<meta property=\"product:condition\" content=\"new\" \/>\n<!-- \/ Yoast SEO Premium plugin. -->","yoast_head_json":{"title":"Sencor SCOOTER K5 BK ELEKTROMOS GYEREK ROLLER - Dr\u00f3t-Szam\u00e1r Shop","robots":{"index":"index","follow":"follow","max-snippet":"max-snippet:-1","max-image-preview":"max-image-preview:large","max-video-preview":"max-video-preview:-1"},"canonical":"https:\/\/shop.drot-szamar.hu\/?product=scooter-k5-bk-elektromos-gyerek-roller","og_locale":"hu_HU","og_type":"article","og_title":"Sencor SCOOTER K5 BK ELEKTROMOS GYEREK ROLLER","og_description":"\u00c1ll\u00edthat\u00f3 korm\u00e1nymagass\u00e1g 83 \u2013 69 cm  Maxim\u00e1lis sebess\u00e9g 8 km\/h  Maxim\u00e1lisan megtehet\u0151 t\u00e1vols\u00e1g 8 km","og_url":"https:\/\/shop.drot-szamar.hu\/?product=scooter-k5-bk-elektromos-gyerek-roller","og_site_name":"Dr\u00f3t-Szam\u00e1r Shop","article_modified_time":"2025-06-14T08:11:20+00:00","og_image":[{"width":600,"height":600,"url":"https:\/\/shop.drot-szamar.hu\/wp-content\/uploads\/2023\/12\/5c2bcde2-a2f2-4e61-afb1-6882c9c1dbcd@w600.jpg","type":"image\/jpeg"}],"twitter_card":"summary_large_image","twitter_misc":{"\u00c1r":"56990&nbsp;&#70;&#116;","El\u00e9rhet\u0151s\u00e9g":"Nincs k\u00e9szleten"},"schema":{"@context":"https:\/\/schema.org","@graph":[{"@type":"WebPage","@id":"https:\/\/shop.drot-szamar.hu\/?product=scooter-k5-bk-elektromos-gyerek-roller","url":"https:\/\/shop.drot-szamar.hu\/?product=scooter-k5-bk-elektromos-gyerek-roller","name":"Sencor SCOOTER K5 BK ELEKTROMOS GYEREK ROLLER - Dr\u00f3t-Szam\u00e1r Shop","isPartOf":{"@id":"https:\/\/shop.drot-szamar.hu\/#website"},"primaryImageOfPage":{"@id":"https:\/\/shop.drot-szamar.hu\/?product=scooter-k5-bk-elektromos-gyerek-roller#primaryimage"},"image":{"@id":"https:\/\/shop.drot-szamar.hu\/?product=scooter-k5-bk-elektromos-gyerek-roller#primaryimage"},"thumbnailUrl":"https:\/\/shop.drot-szamar.hu\/wp-content\/uploads\/2023\/12\/5c2bcde2-a2f2-4e61-afb1-6882c9c1dbcd@w600.jpg","datePublished":"2023-12-11T15:41:19+00:00","dateModified":"2025-06-14T08:11:20+00:00","breadcrumb":{"@id":"https:\/\/shop.drot-szamar.hu\/?product=scooter-k5-bk-elektromos-gyerek-roller#breadcrumb"},"inLanguage":"hu","potentialAction":[{"@type":"ReadAction","target":["https:\/\/shop.drot-szamar.hu\/?product=scooter-k5-bk-elektromos-gyerek-roller"]}]},{"@type":"ImageObject","inLanguage":"hu","@id":"https:\/\/shop.drot-szamar.hu\/?product=scooter-k5-bk-elektromos-gyerek-roller#primaryimage","url":"https:\/\/shop.drot-szamar.hu\/wp-content\/uploads\/2023\/12\/5c2bcde2-a2f2-4e61-afb1-6882c9c1dbcd@w600.jpg","contentUrl":"https:\/\/shop.drot-szamar.hu\/wp-content\/uploads\/2023\/12\/5c2bcde2-a2f2-4e61-afb1-6882c9c1dbcd@w600.jpg","width":600,"height":600},{"@type":"BreadcrumbList","@id":"https:\/\/shop.drot-szamar.hu\/?product=scooter-k5-bk-elektromos-gyerek-roller#breadcrumb","itemListElement":[{"@type":"ListItem","position":1,"name":"Home","item":"https:\/\/shop.drot-szamar.hu\/"},{"@type":"ListItem","position":2,"name":"Dr\u00f3t-szam\u00e1r Web\u00e1ruh\u00e1z","item":"https:\/\/shop.drot-szamar.hu\/"},{"@type":"ListItem","position":3,"name":"Sencor SCOOTER K5 BK ELEKTROMOS GYEREK ROLLER"}]},{"@type":"WebSite","@id":"https:\/\/shop.drot-szamar.hu\/#website","url":"https:\/\/shop.drot-szamar.hu\/","name":"Dr\u00f3t-Szam\u00e1r Shop","description":"Bring\u00e1k, elektromos \u00e9s hagyom\u00e1nyos rollerek, kieg\u00e9sz\u00edt\u0151k","publisher":{"@id":"https:\/\/shop.drot-szamar.hu\/#organization"},"potentialAction":[{"@type":"SearchAction","target":{"@type":"EntryPoint","urlTemplate":"https:\/\/shop.drot-szamar.hu\/?s={search_term_string}"},"query-input":{"@type":"PropertyValueSpecification","valueRequired":true,"valueName":"search_term_string"}}],"inLanguage":"hu"},{"@type":"Organization","@id":"https:\/\/shop.drot-szamar.hu\/#organization","name":"Dr\u00f3t-Szam\u00e1r Shop","url":"https:\/\/shop.drot-szamar.hu\/","logo":{"@type":"ImageObject","inLanguage":"hu","@id":"https:\/\/shop.drot-szamar.hu\/#\/schema\/logo\/image\/","url":"https:\/\/shop.drot-szamar.hu\/wp-content\/uploads\/2021\/03\/cropped-logo-small-1.png","contentUrl":"https:\/\/shop.drot-szamar.hu\/wp-content\/uploads\/2021\/03\/cropped-logo-small-1.png","width":200,"height":184,"caption":"Dr\u00f3t-Szam\u00e1r Shop"},"image":{"@id":"https:\/\/shop.drot-szamar.hu\/#\/schema\/logo\/image\/"}}]},"product_price_amount":"56990","product_price_currency":"HUF","og_availability":"out of stock","product_availability":"out of stock","product_condition":"new"},"_links":{"self":[{"href":"https:\/\/shop.drot-szamar.hu\/index.php?rest_route=\/wp\/v2\/product\/508","targetHints":{"allow":["GET"]}}],"collection":[{"href":"https:\/\/shop.drot-szamar.hu\/index.php?rest_route=\/wp\/v2\/product"}],"about":[{"href":"https:\/\/shop.drot-szamar.hu\/index.php?rest_route=\/wp\/v2\/types\/product"}],"replies":[{"embeddable":true,"href":"https:\/\/shop.drot-szamar.hu\/index.php?rest_route=%2Fwp%2Fv2%2Fcomments&post=508"}],"wp:featuredmedia":[{"embeddable":true,"href":"https:\/\/shop.drot-szamar.hu\/index.php?rest_route=\/wp\/v2\/media\/509"}],"wp:attachment":[{"href":"https:\/\/shop.drot-szamar.hu\/index.php?rest_route=%2Fwp%2Fv2%2Fmedia&parent=508"}],"wp:term":[{"taxonomy":"product_brand","embeddable":true,"href":"https:\/\/shop.drot-szamar.hu\/index.php?rest_route=%2Fwp%2Fv2%2Fproduct_brand&post=508"},{"taxonomy":"product_cat","embeddable":true,"href":"https:\/\/shop.drot-szamar.hu\/index.php?rest_route=%2Fwp%2Fv2%2Fproduct_cat&post=508"},{"taxonomy":"product_tag","embeddable":true,"href":"https:\/\/shop.drot-szamar.hu\/index.php?rest_route=%2Fwp%2Fv2%2Fproduct_tag&post=508"}],"curies":[{"name":"wp","href":"https:\/\/api.w.org\/{rel}","templated":true}]}}