{"id":520,"date":"2023-12-11T15:45:51","date_gmt":"2023-12-11T15:45:51","guid":{"rendered":"https:\/\/shop.drot-szamar.hu\/?post_type=product&#038;p=520"},"modified":"2024-01-11T14:39:13","modified_gmt":"2024-01-11T14:39:13","slug":"scooter-carrying-strap-heveder","status":"publish","type":"product","link":"https:\/\/shop.drot-szamar.hu\/?product=scooter-carrying-strap-heveder","title":{"rendered":"SCOOTER CARRYING STRAP HEVEDER"},"content":{"rendered":"<p>Egyszer\u0171en felszerelhet\u0151 praktikus kialak\u00edt\u00e1s\u00fa\u00a0<strong>Sencor SCOOTER\u00a0<\/strong>heveder. Seg\u00edts\u00e9g\u00e9vel egyszer\u0171en hordozhat\u00f3v\u00e1 v\u00e1lhat vele ak\u00e1r a roller hordozhat\u00f3s\u00e1ga. Strapab\u00edr\u00f3, hevederes kialak\u00edt\u00e1s.<\/p>\n<p><strong>Kompatibilis a k\u00f6vetkez\u0151 modellekkel<\/strong>:<\/p>\n<ul>\n<li>SENCOR SCOOTER ONE 2020<\/li>\n<li>SENCOR SCOOTER TWO LONG RANGE 2021<\/li>\n<\/ul>\n","protected":false},"excerpt":{"rendered":"<ul>\n<li>Heveder<\/li>\n<li>Egyszer\u0171en felszerelhet\u0151<\/li>\n<li>Praktikus kialak\u00edt\u00e1s\u00fa<\/li>\n<\/ul>\n","protected":false},"featured_media":521,"comment_status":"open","ping_status":"closed","template":"","meta":[],"product_brand":[],"product_cat":[52],"product_tag":[],"class_list":{"0":"post-520","1":"product","2":"type-product","3":"status-publish","4":"has-post-thumbnail","6":"product_cat-kiegeszitok-rollerek","7":"product_shipping_class-1990-ft","9":"first","10":"instock","11":"taxable","12":"shipping-taxable","13":"purchasable","14":"product-type-simple"},"yoast_head":"<!-- This site is optimized with the Yoast SEO Premium plugin v22.1 (Yoast SEO v27.4) - https:\/\/yoast.com\/product\/yoast-seo-premium-wordpress\/ -->\n<title>SCOOTER CARRYING STRAP HEVEDER - Dr\u00f3t-Szam\u00e1r Shop<\/title>\n<meta name=\"robots\" content=\"index, follow, max-snippet:-1, max-image-preview:large, max-video-preview:-1\" \/>\n<link rel=\"canonical\" href=\"https:\/\/shop.drot-szamar.hu\/?product=scooter-carrying-strap-heveder\" \/>\n<meta property=\"og:locale\" content=\"hu_HU\" \/>\n<meta property=\"og:type\" content=\"article\" \/>\n<meta property=\"og:title\" content=\"SCOOTER CARRYING STRAP HEVEDER\" \/>\n<meta property=\"og:description\" content=\"Heveder  Egyszer\u0171en felszerelhet\u0151  Praktikus kialak\u00edt\u00e1s\u00fa\" \/>\n<meta property=\"og:url\" content=\"https:\/\/shop.drot-szamar.hu\/?product=scooter-carrying-strap-heveder\" \/>\n<meta property=\"og:site_name\" content=\"Dr\u00f3t-Szam\u00e1r Shop\" \/>\n<meta property=\"article:modified_time\" content=\"2024-01-11T14:39:13+00:00\" \/>\n<meta property=\"og:image\" content=\"https:\/\/shop.drot-szamar.hu\/wp-content\/uploads\/2023\/12\/6606cc7a-3f78-46bf-bec8-25100a340473@w800.jpg\" \/>\n\t<meta property=\"og:image:width\" content=\"800\" \/>\n\t<meta property=\"og:image:height\" content=\"800\" \/>\n\t<meta property=\"og:image:type\" content=\"image\/jpeg\" \/>\n<meta name=\"twitter:card\" content=\"summary_large_image\" \/>\n<meta name=\"twitter:label1\" content=\"\u00c1r\" \/>\n\t<meta name=\"twitter:data1\" content=\"2490&nbsp;&#070;&#116;\" \/>\n\t<meta name=\"twitter:label2\" content=\"El\u00e9rhet\u0151s\u00e9g\" \/>\n\t<meta name=\"twitter:data2\" content=\"K\u00e9szleten\" \/>\n<script type=\"application\/ld+json\" class=\"yoast-schema-graph\">{\"@context\":\"https:\\\/\\\/schema.org\",\"@graph\":[{\"@type\":\"WebPage\",\"@id\":\"https:\\\/\\\/shop.drot-szamar.hu\\\/?product=scooter-carrying-strap-heveder\",\"url\":\"https:\\\/\\\/shop.drot-szamar.hu\\\/?product=scooter-carrying-strap-heveder\",\"name\":\"SCOOTER CARRYING STRAP HEVEDER - Dr\u00f3t-Szam\u00e1r Shop\",\"isPartOf\":{\"@id\":\"https:\\\/\\\/shop.drot-szamar.hu\\\/#website\"},\"primaryImageOfPage\":{\"@id\":\"https:\\\/\\\/shop.drot-szamar.hu\\\/?product=scooter-carrying-strap-heveder#primaryimage\"},\"image\":{\"@id\":\"https:\\\/\\\/shop.drot-szamar.hu\\\/?product=scooter-carrying-strap-heveder#primaryimage\"},\"thumbnailUrl\":\"https:\\\/\\\/shop.drot-szamar.hu\\\/wp-content\\\/uploads\\\/2023\\\/12\\\/6606cc7a-3f78-46bf-bec8-25100a340473@w800.jpg\",\"datePublished\":\"2023-12-11T15:45:51+00:00\",\"dateModified\":\"2024-01-11T14:39:13+00:00\",\"breadcrumb\":{\"@id\":\"https:\\\/\\\/shop.drot-szamar.hu\\\/?product=scooter-carrying-strap-heveder#breadcrumb\"},\"inLanguage\":\"hu\",\"potentialAction\":[{\"@type\":\"ReadAction\",\"target\":[\"https:\\\/\\\/shop.drot-szamar.hu\\\/?product=scooter-carrying-strap-heveder\"]}]},{\"@type\":\"ImageObject\",\"inLanguage\":\"hu\",\"@id\":\"https:\\\/\\\/shop.drot-szamar.hu\\\/?product=scooter-carrying-strap-heveder#primaryimage\",\"url\":\"https:\\\/\\\/shop.drot-szamar.hu\\\/wp-content\\\/uploads\\\/2023\\\/12\\\/6606cc7a-3f78-46bf-bec8-25100a340473@w800.jpg\",\"contentUrl\":\"https:\\\/\\\/shop.drot-szamar.hu\\\/wp-content\\\/uploads\\\/2023\\\/12\\\/6606cc7a-3f78-46bf-bec8-25100a340473@w800.jpg\",\"width\":800,\"height\":800},{\"@type\":\"BreadcrumbList\",\"@id\":\"https:\\\/\\\/shop.drot-szamar.hu\\\/?product=scooter-carrying-strap-heveder#breadcrumb\",\"itemListElement\":[{\"@type\":\"ListItem\",\"position\":1,\"name\":\"Home\",\"item\":\"https:\\\/\\\/shop.drot-szamar.hu\\\/\"},{\"@type\":\"ListItem\",\"position\":2,\"name\":\"Dr\u00f3t-szam\u00e1r Web\u00e1ruh\u00e1z\",\"item\":\"https:\\\/\\\/shop.drot-szamar.hu\\\/\"},{\"@type\":\"ListItem\",\"position\":3,\"name\":\"SCOOTER CARRYING STRAP HEVEDER\"}]},{\"@type\":\"WebSite\",\"@id\":\"https:\\\/\\\/shop.drot-szamar.hu\\\/#website\",\"url\":\"https:\\\/\\\/shop.drot-szamar.hu\\\/\",\"name\":\"Dr\u00f3t-Szam\u00e1r Shop\",\"description\":\"Bring\u00e1k, elektromos \u00e9s hagyom\u00e1nyos rollerek, kieg\u00e9sz\u00edt\u0151k\",\"publisher\":{\"@id\":\"https:\\\/\\\/shop.drot-szamar.hu\\\/#organization\"},\"potentialAction\":[{\"@type\":\"SearchAction\",\"target\":{\"@type\":\"EntryPoint\",\"urlTemplate\":\"https:\\\/\\\/shop.drot-szamar.hu\\\/?s={search_term_string}\"},\"query-input\":{\"@type\":\"PropertyValueSpecification\",\"valueRequired\":true,\"valueName\":\"search_term_string\"}}],\"inLanguage\":\"hu\"},{\"@type\":\"Organization\",\"@id\":\"https:\\\/\\\/shop.drot-szamar.hu\\\/#organization\",\"name\":\"Dr\u00f3t-Szam\u00e1r Shop\",\"url\":\"https:\\\/\\\/shop.drot-szamar.hu\\\/\",\"logo\":{\"@type\":\"ImageObject\",\"inLanguage\":\"hu\",\"@id\":\"https:\\\/\\\/shop.drot-szamar.hu\\\/#\\\/schema\\\/logo\\\/image\\\/\",\"url\":\"https:\\\/\\\/shop.drot-szamar.hu\\\/wp-content\\\/uploads\\\/2021\\\/03\\\/cropped-logo-small-1.png\",\"contentUrl\":\"https:\\\/\\\/shop.drot-szamar.hu\\\/wp-content\\\/uploads\\\/2021\\\/03\\\/cropped-logo-small-1.png\",\"width\":200,\"height\":184,\"caption\":\"Dr\u00f3t-Szam\u00e1r Shop\"},\"image\":{\"@id\":\"https:\\\/\\\/shop.drot-szamar.hu\\\/#\\\/schema\\\/logo\\\/image\\\/\"}}]}<\/script>\n<meta property=\"product:price:amount\" content=\"2490\" \/>\n<meta property=\"product:price:currency\" content=\"HUF\" \/>\n<meta property=\"og:availability\" content=\"instock\" \/>\n<meta property=\"product:availability\" content=\"instock\" \/>\n<meta property=\"product:condition\" content=\"new\" \/>\n<!-- \/ Yoast SEO Premium plugin. -->","yoast_head_json":{"title":"SCOOTER CARRYING STRAP HEVEDER - Dr\u00f3t-Szam\u00e1r Shop","robots":{"index":"index","follow":"follow","max-snippet":"max-snippet:-1","max-image-preview":"max-image-preview:large","max-video-preview":"max-video-preview:-1"},"canonical":"https:\/\/shop.drot-szamar.hu\/?product=scooter-carrying-strap-heveder","og_locale":"hu_HU","og_type":"article","og_title":"SCOOTER CARRYING STRAP HEVEDER","og_description":"Heveder  Egyszer\u0171en felszerelhet\u0151  Praktikus kialak\u00edt\u00e1s\u00fa","og_url":"https:\/\/shop.drot-szamar.hu\/?product=scooter-carrying-strap-heveder","og_site_name":"Dr\u00f3t-Szam\u00e1r Shop","article_modified_time":"2024-01-11T14:39:13+00:00","og_image":[{"width":800,"height":800,"url":"https:\/\/shop.drot-szamar.hu\/wp-content\/uploads\/2023\/12\/6606cc7a-3f78-46bf-bec8-25100a340473@w800.jpg","type":"image\/jpeg"}],"twitter_card":"summary_large_image","twitter_misc":{"\u00c1r":"2490&nbsp;&#70;&#116;","El\u00e9rhet\u0151s\u00e9g":"K\u00e9szleten"},"schema":{"@context":"https:\/\/schema.org","@graph":[{"@type":"WebPage","@id":"https:\/\/shop.drot-szamar.hu\/?product=scooter-carrying-strap-heveder","url":"https:\/\/shop.drot-szamar.hu\/?product=scooter-carrying-strap-heveder","name":"SCOOTER CARRYING STRAP HEVEDER - Dr\u00f3t-Szam\u00e1r Shop","isPartOf":{"@id":"https:\/\/shop.drot-szamar.hu\/#website"},"primaryImageOfPage":{"@id":"https:\/\/shop.drot-szamar.hu\/?product=scooter-carrying-strap-heveder#primaryimage"},"image":{"@id":"https:\/\/shop.drot-szamar.hu\/?product=scooter-carrying-strap-heveder#primaryimage"},"thumbnailUrl":"https:\/\/shop.drot-szamar.hu\/wp-content\/uploads\/2023\/12\/6606cc7a-3f78-46bf-bec8-25100a340473@w800.jpg","datePublished":"2023-12-11T15:45:51+00:00","dateModified":"2024-01-11T14:39:13+00:00","breadcrumb":{"@id":"https:\/\/shop.drot-szamar.hu\/?product=scooter-carrying-strap-heveder#breadcrumb"},"inLanguage":"hu","potentialAction":[{"@type":"ReadAction","target":["https:\/\/shop.drot-szamar.hu\/?product=scooter-carrying-strap-heveder"]}]},{"@type":"ImageObject","inLanguage":"hu","@id":"https:\/\/shop.drot-szamar.hu\/?product=scooter-carrying-strap-heveder#primaryimage","url":"https:\/\/shop.drot-szamar.hu\/wp-content\/uploads\/2023\/12\/6606cc7a-3f78-46bf-bec8-25100a340473@w800.jpg","contentUrl":"https:\/\/shop.drot-szamar.hu\/wp-content\/uploads\/2023\/12\/6606cc7a-3f78-46bf-bec8-25100a340473@w800.jpg","width":800,"height":800},{"@type":"BreadcrumbList","@id":"https:\/\/shop.drot-szamar.hu\/?product=scooter-carrying-strap-heveder#breadcrumb","itemListElement":[{"@type":"ListItem","position":1,"name":"Home","item":"https:\/\/shop.drot-szamar.hu\/"},{"@type":"ListItem","position":2,"name":"Dr\u00f3t-szam\u00e1r Web\u00e1ruh\u00e1z","item":"https:\/\/shop.drot-szamar.hu\/"},{"@type":"ListItem","position":3,"name":"SCOOTER CARRYING STRAP HEVEDER"}]},{"@type":"WebSite","@id":"https:\/\/shop.drot-szamar.hu\/#website","url":"https:\/\/shop.drot-szamar.hu\/","name":"Dr\u00f3t-Szam\u00e1r Shop","description":"Bring\u00e1k, elektromos \u00e9s hagyom\u00e1nyos rollerek, kieg\u00e9sz\u00edt\u0151k","publisher":{"@id":"https:\/\/shop.drot-szamar.hu\/#organization"},"potentialAction":[{"@type":"SearchAction","target":{"@type":"EntryPoint","urlTemplate":"https:\/\/shop.drot-szamar.hu\/?s={search_term_string}"},"query-input":{"@type":"PropertyValueSpecification","valueRequired":true,"valueName":"search_term_string"}}],"inLanguage":"hu"},{"@type":"Organization","@id":"https:\/\/shop.drot-szamar.hu\/#organization","name":"Dr\u00f3t-Szam\u00e1r Shop","url":"https:\/\/shop.drot-szamar.hu\/","logo":{"@type":"ImageObject","inLanguage":"hu","@id":"https:\/\/shop.drot-szamar.hu\/#\/schema\/logo\/image\/","url":"https:\/\/shop.drot-szamar.hu\/wp-content\/uploads\/2021\/03\/cropped-logo-small-1.png","contentUrl":"https:\/\/shop.drot-szamar.hu\/wp-content\/uploads\/2021\/03\/cropped-logo-small-1.png","width":200,"height":184,"caption":"Dr\u00f3t-Szam\u00e1r Shop"},"image":{"@id":"https:\/\/shop.drot-szamar.hu\/#\/schema\/logo\/image\/"}}]},"product_price_amount":"2490","product_price_currency":"HUF","og_availability":"instock","product_availability":"instock","product_condition":"new"},"_links":{"self":[{"href":"https:\/\/shop.drot-szamar.hu\/index.php?rest_route=\/wp\/v2\/product\/520","targetHints":{"allow":["GET"]}}],"collection":[{"href":"https:\/\/shop.drot-szamar.hu\/index.php?rest_route=\/wp\/v2\/product"}],"about":[{"href":"https:\/\/shop.drot-szamar.hu\/index.php?rest_route=\/wp\/v2\/types\/product"}],"replies":[{"embeddable":true,"href":"https:\/\/shop.drot-szamar.hu\/index.php?rest_route=%2Fwp%2Fv2%2Fcomments&post=520"}],"wp:featuredmedia":[{"embeddable":true,"href":"https:\/\/shop.drot-szamar.hu\/index.php?rest_route=\/wp\/v2\/media\/521"}],"wp:attachment":[{"href":"https:\/\/shop.drot-szamar.hu\/index.php?rest_route=%2Fwp%2Fv2%2Fmedia&parent=520"}],"wp:term":[{"taxonomy":"product_brand","embeddable":true,"href":"https:\/\/shop.drot-szamar.hu\/index.php?rest_route=%2Fwp%2Fv2%2Fproduct_brand&post=520"},{"taxonomy":"product_cat","embeddable":true,"href":"https:\/\/shop.drot-szamar.hu\/index.php?rest_route=%2Fwp%2Fv2%2Fproduct_cat&post=520"},{"taxonomy":"product_tag","embeddable":true,"href":"https:\/\/shop.drot-szamar.hu\/index.php?rest_route=%2Fwp%2Fv2%2Fproduct_tag&post=520"}],"curies":[{"name":"wp","href":"https:\/\/api.w.org\/{rel}","templated":true}]}}